{"id":10,"date":"2026-01-23T17:16:57","date_gmt":"2026-01-23T17:16:57","guid":{"rendered":"https:\/\/valdevisionoptica.rkinformatika.online\/?page_id=10"},"modified":"2026-01-26T11:05:27","modified_gmt":"2026-01-26T11:05:27","slug":"inicio","status":"publish","type":"page","link":"https:\/\/valdevisionoptica.com\/en\/","title":{"rendered":"Home"},"content":{"rendered":"<div data-elementor-type=\"wp-page\" data-elementor-id=\"10\" class=\"elementor elementor-10\" data-elementor-post-type=\"page\">\n\t\t\t\t<div class=\"elementor-element elementor-element-075964d e-flex e-con-boxed e-con e-parent\" data-id=\"075964d\" data-element_type=\"container\" data-e-type=\"container\" data-settings=\"{&quot;background_background&quot;:&quot;classic&quot;}\">\n\t\t\t\t\t<div class=\"e-con-inner\">\n\t\t\t\t\t<\/div>\n\t\t\t\t<\/div>\n\t\t<div class=\"elementor-element elementor-element-dc99dd0 e-flex e-con-boxed e-con e-parent\" data-id=\"dc99dd0\" data-element_type=\"container\" data-e-type=\"container\" data-settings=\"{&quot;background_background&quot;:&quot;classic&quot;}\">\n\t\t\t\t\t<div class=\"e-con-inner\">\n\t\t\t\t<div class=\"elementor-element elementor-element-0b95065 elementor-invisible elementor-widget elementor-widget-heading\" data-id=\"0b95065\" data-element_type=\"widget\" data-e-type=\"widget\" data-settings=\"{&quot;_animation&quot;:&quot;fadeInLeft&quot;}\" data-widget_type=\"heading.default\">\n\t\t\t\t\t<h2 class=\"elementor-heading-title elementor-size-default\">MORE THAN 30 YEARS CARING FOR VISION IN VALDEMORO<\/h2>\t\t\t\t<\/div>\n\t\t\t\t\t<\/div>\n\t\t\t\t<\/div>\n\t\t<div class=\"elementor-element elementor-element-637c8f5 e-flex e-con-boxed e-con e-parent\" data-id=\"637c8f5\" data-element_type=\"container\" data-e-type=\"container\" data-settings=\"{&quot;background_background&quot;:&quot;classic&quot;}\">\n\t\t\t\t\t<div class=\"e-con-inner\">\n\t\t<div class=\"elementor-element elementor-element-22448a2 e-con-full e-flex e-con e-child\" data-id=\"22448a2\" data-element_type=\"container\" data-e-type=\"container\">\n\t\t\t\t<div class=\"elementor-element elementor-element-ee5bf35 elementor-widget elementor-widget-heading\" data-id=\"ee5bf35\" data-element_type=\"widget\" data-e-type=\"widget\" data-widget_type=\"heading.default\">\n\t\t\t\t\t<h2 class=\"elementor-heading-title elementor-size-default\">About Us<\/h2>\t\t\t\t<\/div>\n\t\t\t\t<div class=\"elementor-element elementor-element-7a1f616 elementor-widget elementor-widget-text-editor\" data-id=\"7a1f616\" data-element_type=\"widget\" data-e-type=\"widget\" data-widget_type=\"text-editor.default\">\n\t\t\t\t\t\t\t\t\t<div class=\"Qr7Oae\" role=\"listitem\"><div class=\"OxAavc NVbRL\" data-required=\"true\" data-item-id=\"1218297843\"><div class=\"Ih4Dzb\"><div class=\"q4tvle JqSWld yqQS1\" tabindex=\"0\" role=\"textbox\" aria-label=\"Resumen de la historia de la empresa (tal y como va a aparecer en el sitio web).&lt;br&gt;Puedes hacer una breve descripci&oacute;n de tu empresa, de su historia e informaci&oacute;n que quieras compartir para presentarla.\" aria-disabled=\"true\"><div class=\"Qr7Oae\" role=\"listitem\"><div class=\"OxAavc NVbRL\" data-required=\"true\" data-item-id=\"1218297843\"><div class=\"Ih4Dzb\"><div class=\"q4tvle JqSWld yqQS1\" tabindex=\"0\" role=\"textbox\" aria-label=\"Resumen de la historia de la empresa (tal y como va a aparecer en el sitio web).&lt;br&gt;Puedes hacer una breve descripci&oacute;n de tu empresa, de su historia e informaci&oacute;n que quieras compartir para presentarla.\" aria-disabled=\"true\"><p data-start=\"239\" data-end=\"600\">At VALDEVISI\u00d3N we are an independent optician founded by Salvador Molina in 1996 with a clear objective: to offer our neighbors a professional, friendly and trustworthy service.<\/p><p data-start=\"239\" data-end=\"600\">Throughout these years we have grown alongside families from Valdemoro and the surrounding area, incorporating new technologies, expanding our services and always maintaining the human touch that characterizes us.<\/p><\/div><\/div><\/div><\/div><\/div><\/div><\/div><\/div>\t\t\t\t\t\t\t\t<\/div>\n\t\t\t\t<\/div>\n\t\t<div class=\"elementor-element elementor-element-08e89f3 e-con-full e-flex e-con e-child\" data-id=\"08e89f3\" data-element_type=\"container\" data-e-type=\"container\">\n\t\t\t\t<div class=\"elementor-element elementor-element-0b5c66f elementor-widget elementor-widget-image\" data-id=\"0b5c66f\" data-element_type=\"widget\" data-e-type=\"widget\" data-widget_type=\"image.default\">\n\t\t\t\t\t\t\t\t\t\t\t\t\t\t\t<img fetchpriority=\"high\" decoding=\"async\" width=\"1500\" height=\"1000\" src=\"https:\/\/valdevisionoptica.com\/wp-content\/uploads\/2026\/01\/6158.jpg\" class=\"attachment-full size-full wp-image-95\" alt=\"\" srcset=\"https:\/\/valdevisionoptica.com\/wp-content\/uploads\/2026\/01\/6158.jpg 1500w, https:\/\/valdevisionoptica.com\/wp-content\/uploads\/2026\/01\/6158-300x200.jpg 300w, https:\/\/valdevisionoptica.com\/wp-content\/uploads\/2026\/01\/6158-1024x683.jpg 1024w, https:\/\/valdevisionoptica.com\/wp-content\/uploads\/2026\/01\/6158-768x512.jpg 768w, https:\/\/valdevisionoptica.com\/wp-content\/uploads\/2026\/01\/6158-18x12.jpg 18w\" sizes=\"(max-width: 1500px) 100vw, 1500px\" \/>\t\t\t\t\t\t\t\t\t\t\t\t\t\t\t<\/div>\n\t\t\t\t<\/div>\n\t\t\t\t\t<\/div>\n\t\t\t\t<\/div>\n\t\t<div class=\"elementor-element elementor-element-c54a326 e-flex e-con-boxed e-con e-parent\" data-id=\"c54a326\" data-element_type=\"container\" data-e-type=\"container\" data-settings=\"{&quot;background_background&quot;:&quot;classic&quot;}\">\n\t\t\t\t\t<div class=\"e-con-inner\">\n\t\t<div class=\"elementor-element elementor-element-eb92754 e-con-full e-flex e-con e-child\" data-id=\"eb92754\" data-element_type=\"container\" data-e-type=\"container\" data-settings=\"{&quot;background_background&quot;:&quot;classic&quot;}\">\n\t\t\t\t<div class=\"elementor-element elementor-element-9e4c116 elementor-widget elementor-widget-heading\" data-id=\"9e4c116\" data-element_type=\"widget\" data-e-type=\"widget\" data-widget_type=\"heading.default\">\n\t\t\t\t\t<h2 class=\"elementor-heading-title elementor-size-default\">OPTOMETRIC EXAMINATIONS<\/h2>\t\t\t\t<\/div>\n\t\t\t\t<\/div>\n\t\t<div class=\"elementor-element elementor-element-823affe e-con-full e-flex e-con e-child\" data-id=\"823affe\" data-element_type=\"container\" data-e-type=\"container\" data-settings=\"{&quot;background_background&quot;:&quot;classic&quot;}\">\n\t\t\t\t<div class=\"elementor-element elementor-element-03993a3 elementor-widget elementor-widget-heading\" data-id=\"03993a3\" data-element_type=\"widget\" data-e-type=\"widget\" data-widget_type=\"heading.default\">\n\t\t\t\t\t<h2 class=\"elementor-heading-title elementor-size-default\">CHILDHOOD MYOPIA CONTROL<\/h2>\t\t\t\t<\/div>\n\t\t\t\t<\/div>\n\t\t<div class=\"elementor-element elementor-element-5172d9a e-con-full e-flex e-con e-child\" data-id=\"5172d9a\" data-element_type=\"container\" data-e-type=\"container\" data-settings=\"{&quot;background_background&quot;:&quot;classic&quot;}\">\n\t\t\t\t<div class=\"elementor-element elementor-element-4aa3283 elementor-widget elementor-widget-heading\" data-id=\"4aa3283\" data-element_type=\"widget\" data-e-type=\"widget\" data-widget_type=\"heading.default\">\n\t\t\t\t\t<h2 class=\"elementor-heading-title elementor-size-default\">CONTACT LENS FITTING<\/h2>\t\t\t\t<\/div>\n\t\t\t\t<\/div>\n\t\t\t\t\t<\/div>\n\t\t\t\t<\/div>\n\t\t<div class=\"elementor-element elementor-element-8b09038 e-flex e-con-boxed e-con e-parent\" data-id=\"8b09038\" data-element_type=\"container\" data-e-type=\"container\" data-settings=\"{&quot;background_background&quot;:&quot;classic&quot;}\">\n\t\t\t\t\t<div class=\"e-con-inner\">\n\t\t<div class=\"elementor-element elementor-element-b54e587 e-con-full e-flex e-con e-child\" data-id=\"b54e587\" data-element_type=\"container\" data-e-type=\"container\" data-settings=\"{&quot;background_background&quot;:&quot;classic&quot;}\">\n\t\t\t\t<div class=\"elementor-element elementor-element-6f4ae2a elementor-widget elementor-widget-heading\" data-id=\"6f4ae2a\" data-element_type=\"widget\" data-e-type=\"widget\" data-widget_type=\"heading.default\">\n\t\t\t\t\t<h2 class=\"elementor-heading-title elementor-size-default\">HEARING TESTS<\/h2>\t\t\t\t<\/div>\n\t\t\t\t<\/div>\n\t\t<div class=\"elementor-element elementor-element-977f049 e-con-full e-flex e-con e-child\" data-id=\"977f049\" data-element_type=\"container\" data-e-type=\"container\" data-settings=\"{&quot;background_background&quot;:&quot;classic&quot;}\">\n\t\t\t\t<div class=\"elementor-element elementor-element-ccd18e6 elementor-widget elementor-widget-heading\" data-id=\"ccd18e6\" data-element_type=\"widget\" data-e-type=\"widget\" data-widget_type=\"heading.default\">\n\t\t\t\t\t<h2 class=\"elementor-heading-title elementor-size-default\">PERSONALIZED ADVICE<\/h2>\t\t\t\t<\/div>\n\t\t\t\t<\/div>\n\t\t<div class=\"elementor-element elementor-element-422b943 e-con-full e-flex e-con e-child\" data-id=\"422b943\" data-element_type=\"container\" data-e-type=\"container\" data-settings=\"{&quot;background_background&quot;:&quot;classic&quot;}\">\n\t\t\t\t<div class=\"elementor-element elementor-element-1f8dc52 elementor-widget elementor-widget-heading\" data-id=\"1f8dc52\" data-element_type=\"widget\" data-e-type=\"widget\" data-widget_type=\"heading.default\">\n\t\t\t\t\t<h2 class=\"elementor-heading-title elementor-size-default\">GLASSES AND LENSES<\/h2>\t\t\t\t<\/div>\n\t\t\t\t<\/div>\n\t\t\t\t\t<\/div>\n\t\t\t\t<\/div>\n\t\t<div class=\"elementor-element elementor-element-708ba1e e-flex e-con-boxed e-con e-parent\" data-id=\"708ba1e\" data-element_type=\"container\" data-e-type=\"container\">\n\t\t\t\t\t<div class=\"e-con-inner\">\n\t\t<div class=\"elementor-element elementor-element-39ea2e6 e-con-full e-flex e-con e-child\" data-id=\"39ea2e6\" data-element_type=\"container\" data-e-type=\"container\">\n\t\t\t\t<div class=\"elementor-element elementor-element-daeac97 elementor-cta--skin-cover elementor-animated-content elementor-bg-transform elementor-bg-transform-zoom-in elementor-widget elementor-widget-call-to-action\" data-id=\"daeac97\" data-element_type=\"widget\" data-e-type=\"widget\" data-widget_type=\"call-to-action.default\">\n\t\t\t\t\t\t\t<div class=\"elementor-cta\">\n\t\t\t\t\t<div class=\"elementor-cta__bg-wrapper\">\n\t\t\t\t<div class=\"elementor-cta__bg elementor-bg\" style=\"background-image: url(https:\/\/valdevisionoptica.com\/wp-content\/uploads\/2026\/01\/3680.jpg);\" role=\"img\" aria-label=\"3680\"><\/div>\n\t\t\t\t<div class=\"elementor-cta__bg-overlay\"><\/div>\n\t\t\t<\/div>\n\t\t\t\t\t\t\t<div class=\"elementor-cta__content\">\n\t\t\t\t\n\t\t\t\t\t\t\t\t\t<h2 class=\"elementor-cta__title elementor-cta__content-item elementor-content-item elementor-animated-item--grow\">\n\t\t\t\t\t\tExtensive collection of glasses for all styles and ages.\t\t\t\t\t<\/h2>\n\t\t\t\t\n\t\t\t\t\t\t\t\t\t<div class=\"elementor-cta__description elementor-cta__content-item elementor-content-item elementor-animated-item--grow\">\n\t\t\t\t\t\tQuality lenses with official guarantees.\t\t\t\t\t<\/div>\n\t\t\t\t\n\t\t\t\t\t\t\t<\/div>\n\t\t\t\t\t\t<\/div>\n\t\t\t\t\t\t<\/div>\n\t\t\t\t<\/div>\n\t\t<div class=\"elementor-element elementor-element-6216fb0 e-con-full e-flex e-con e-child\" data-id=\"6216fb0\" data-element_type=\"container\" data-e-type=\"container\">\n\t\t\t\t<div class=\"elementor-element elementor-element-89cbe4d elementor-cta--skin-cover elementor-animated-content elementor-bg-transform elementor-bg-transform-zoom-in elementor-widget elementor-widget-call-to-action\" data-id=\"89cbe4d\" data-element_type=\"widget\" data-e-type=\"widget\" data-widget_type=\"call-to-action.default\">\n\t\t\t\t\t\t\t<div class=\"elementor-cta\">\n\t\t\t\t\t<div class=\"elementor-cta__bg-wrapper\">\n\t\t\t\t<div class=\"elementor-cta__bg elementor-bg\" style=\"background-image: url(https:\/\/valdevisionoptica.com\/wp-content\/uploads\/2026\/01\/21890331.jpg);\" role=\"img\" aria-label=\"21890331\"><\/div>\n\t\t\t\t<div class=\"elementor-cta__bg-overlay\"><\/div>\n\t\t\t<\/div>\n\t\t\t\t\t\t\t<div class=\"elementor-cta__content\">\n\t\t\t\t\n\t\t\t\t\t\t\t\t\t<h2 class=\"elementor-cta__title elementor-cta__content-item elementor-content-item elementor-animated-item--grow\">\n\t\t\t\t\t\t2 for 1 on selected crystals\t\t\t\t\t<\/h2>\n\t\t\t\t\n\t\t\t\t\t\t\t\t\t<div class=\"elementor-cta__description elementor-cta__content-item elementor-content-item elementor-animated-item--grow\">\n\t\t\t\t\t\tAdjustments and repairs performed by professionals.\t\t\t\t\t<\/div>\n\t\t\t\t\n\t\t\t\t\t\t\t<\/div>\n\t\t\t\t\t\t<\/div>\n\t\t\t\t\t\t<\/div>\n\t\t\t\t<\/div>\n\t\t\t\t\t<\/div>\n\t\t\t\t<\/div>\n\t\t<div class=\"elementor-element elementor-element-f034992 e-con-full e-flex e-con e-parent\" data-id=\"f034992\" data-element_type=\"container\" data-e-type=\"container\" data-settings=\"{&quot;background_background&quot;:&quot;classic&quot;}\">\n\t\t\t\t<div class=\"elementor-element elementor-element-0661f15 elementor-cta--skin-cover elementor-cta--valign-middle elementor-animated-content elementor-bg-transform elementor-bg-transform-zoom-in elementor-widget elementor-widget-call-to-action\" data-id=\"0661f15\" data-element_type=\"widget\" data-e-type=\"widget\" data-widget_type=\"call-to-action.default\">\n\t\t\t\t\t\t\t<div class=\"elementor-cta\">\n\t\t\t\t\t<div class=\"elementor-cta__bg-wrapper\">\n\t\t\t\t<div class=\"elementor-cta__bg elementor-bg\" style=\"background-image: url(https:\/\/valdevisionoptica.com\/wp-content\/uploads\/2026\/01\/6158-1024x683.jpg);\" role=\"img\" aria-label=\"6158\"><\/div>\n\t\t\t\t<div class=\"elementor-cta__bg-overlay\"><\/div>\n\t\t\t<\/div>\n\t\t\t\t\t\t\t<div class=\"elementor-cta__content\">\n\t\t\t\t\n\t\t\t\t\t\t\t\t\t<h2 class=\"elementor-cta__title elementor-cta__content-item elementor-content-item elementor-animated-item--grow\">\n\t\t\t\t\t\tAdjustments, repairs and maintenance\t\t\t\t\t<\/h2>\n\t\t\t\t\n\t\t\t\t\t\t\t\t\t<div class=\"elementor-cta__description elementor-cta__content-item elementor-content-item elementor-animated-item--grow\">\n\t\t\t\t\t\tWe offer a comprehensive visual health service designed for the whole family.\t\t\t\t\t<\/div>\n\t\t\t\t\n\t\t\t\t\t\t\t\t\t<div class=\"elementor-cta__button-wrapper elementor-cta__content-item elementor-content-item elementor-animated-item--grow\">\n\t\t\t\t\t<a class=\"elementor-cta__button elementor-button elementor-size-\" href=\"https:\/\/valdevisionoptica.com\/en\/servicios\/\">\n\t\t\t\t\t\tSERVICES\t\t\t\t\t<\/a>\n\t\t\t\t\t<\/div>\n\t\t\t\t\t\t\t<\/div>\n\t\t\t\t\t\t<\/div>\n\t\t\t\t\t\t<\/div>\n\t\t\t\t<\/div>\n\t\t\t\t<\/div>","protected":false},"excerpt":{"rendered":"<p>M\u00c1S DE 30 A\u00d1OS CUIDANDO LA VISI\u00d3N EN VALDEMORO Sobre Nosotros En VALDEVISI\u00d3N somos una \u00f3ptica independiente fundada por Salvador Molina en 1.996 con un objetivo claro: ofrecer a nuestros vecinos un servicio profesional, cercano y de confianza. Durante todos estos a\u00f1os hemos crecido junto a familias de Valdemoro y alrededores, incorporando nuevas tecnolog\u00edas, ampliando [&hellip;]<\/p>\n","protected":false},"author":1,"featured_media":0,"parent":0,"menu_order":0,"comment_status":"closed","ping_status":"closed","template":"elementor_canvas","meta":{"footnotes":""},"class_list":["post-10","page","type-page","status-publish","hentry"],"yoast_head":"<!-- This site is optimized with the Yoast SEO plugin v27.5 - https:\/\/yoast.com\/product\/yoast-seo-wordpress\/ -->\n<title>Inicio - Valdevision optica<\/title>\n<meta name=\"robots\" content=\"index, follow, max-snippet:-1, max-image-preview:large, max-video-preview:-1\" \/>\n<link rel=\"canonical\" href=\"https:\/\/valdevisionoptica.com\/en\/\" \/>\n<meta property=\"og:locale\" content=\"en_GB\" \/>\n<meta property=\"og:type\" content=\"article\" \/>\n<meta property=\"og:title\" content=\"Inicio - Valdevision optica\" \/>\n<meta property=\"og:description\" content=\"M\u00c1S DE 30 A\u00d1OS CUIDANDO LA VISI\u00d3N EN VALDEMORO Sobre Nosotros En VALDEVISI\u00d3N somos una \u00f3ptica independiente fundada por Salvador Molina en 1.996 con un objetivo claro: ofrecer a nuestros vecinos un servicio profesional, cercano y de confianza. Durante todos estos a\u00f1os hemos crecido junto a familias de Valdemoro y alrededores, incorporando nuevas tecnolog\u00edas, ampliando [&hellip;]\" \/>\n<meta property=\"og:url\" content=\"https:\/\/valdevisionoptica.com\/en\/\" \/>\n<meta property=\"og:site_name\" content=\"Valdevision optica\" \/>\n<meta property=\"article:modified_time\" content=\"2026-01-26T11:05:27+00:00\" \/>\n<meta property=\"og:image\" content=\"https:\/\/valdevisionoptica.com\/wp-content\/uploads\/2026\/01\/6158.jpg\" \/>\n<meta name=\"twitter:card\" content=\"summary_large_image\" \/>\n<meta name=\"twitter:label1\" content=\"Estimated reading time\" \/>\n\t<meta name=\"twitter:data1\" content=\"1 minute\" \/>\n<script type=\"application\/ld+json\" class=\"yoast-schema-graph\">{\"@context\":\"https:\\\/\\\/schema.org\",\"@graph\":[{\"@type\":\"WebPage\",\"@id\":\"https:\\\/\\\/valdevisionoptica.com\\\/\",\"url\":\"https:\\\/\\\/valdevisionoptica.com\\\/\",\"name\":\"Inicio - Valdevision optica\",\"isPartOf\":{\"@id\":\"https:\\\/\\\/valdevisionoptica.com\\\/#website\"},\"primaryImageOfPage\":{\"@id\":\"https:\\\/\\\/valdevisionoptica.com\\\/#primaryimage\"},\"image\":{\"@id\":\"https:\\\/\\\/valdevisionoptica.com\\\/#primaryimage\"},\"thumbnailUrl\":\"https:\\\/\\\/valdevisionoptica.com\\\/wp-content\\\/uploads\\\/2026\\\/01\\\/6158.jpg\",\"datePublished\":\"2026-01-23T17:16:57+00:00\",\"dateModified\":\"2026-01-26T11:05:27+00:00\",\"breadcrumb\":{\"@id\":\"https:\\\/\\\/valdevisionoptica.com\\\/#breadcrumb\"},\"inLanguage\":\"en-GB\",\"potentialAction\":[{\"@type\":\"ReadAction\",\"target\":[\"https:\\\/\\\/valdevisionoptica.com\\\/\"]}]},{\"@type\":\"ImageObject\",\"inLanguage\":\"en-GB\",\"@id\":\"https:\\\/\\\/valdevisionoptica.com\\\/#primaryimage\",\"url\":\"https:\\\/\\\/valdevisionoptica.com\\\/wp-content\\\/uploads\\\/2026\\\/01\\\/6158.jpg\",\"contentUrl\":\"https:\\\/\\\/valdevisionoptica.com\\\/wp-content\\\/uploads\\\/2026\\\/01\\\/6158.jpg\"},{\"@type\":\"BreadcrumbList\",\"@id\":\"https:\\\/\\\/valdevisionoptica.com\\\/#breadcrumb\",\"itemListElement\":[{\"@type\":\"ListItem\",\"position\":1,\"name\":\"Portada\",\"item\":\"https:\\\/\\\/valdevisionoptica.com\\\/\"},{\"@type\":\"ListItem\",\"position\":2,\"name\":\"Inicio\"}]},{\"@type\":\"WebSite\",\"@id\":\"https:\\\/\\\/valdevisionoptica.com\\\/#website\",\"url\":\"https:\\\/\\\/valdevisionoptica.com\\\/\",\"name\":\"Valdevision optica\",\"description\":\"Optica\",\"publisher\":{\"@id\":\"https:\\\/\\\/valdevisionoptica.com\\\/#organization\"},\"potentialAction\":[{\"@type\":\"SearchAction\",\"target\":{\"@type\":\"EntryPoint\",\"urlTemplate\":\"https:\\\/\\\/valdevisionoptica.com\\\/?s={search_term_string}\"},\"query-input\":{\"@type\":\"PropertyValueSpecification\",\"valueRequired\":true,\"valueName\":\"search_term_string\"}}],\"inLanguage\":\"en-GB\"},{\"@type\":\"Organization\",\"@id\":\"https:\\\/\\\/valdevisionoptica.com\\\/#organization\",\"name\":\"Valdevision optica\",\"url\":\"https:\\\/\\\/valdevisionoptica.com\\\/\",\"logo\":{\"@type\":\"ImageObject\",\"inLanguage\":\"en-GB\",\"@id\":\"https:\\\/\\\/valdevisionoptica.com\\\/#\\\/schema\\\/logo\\\/image\\\/\",\"url\":\"https:\\\/\\\/valdevisionoptica.com\\\/wp-content\\\/uploads\\\/2026\\\/01\\\/cropped-valdevisionoptica202511_logo_web.png\",\"contentUrl\":\"https:\\\/\\\/valdevisionoptica.com\\\/wp-content\\\/uploads\\\/2026\\\/01\\\/cropped-valdevisionoptica202511_logo_web.png\",\"width\":1080,\"height\":1080,\"caption\":\"Valdevision optica\"},\"image\":{\"@id\":\"https:\\\/\\\/valdevisionoptica.com\\\/#\\\/schema\\\/logo\\\/image\\\/\"}}]}<\/script>\n<!-- \/ Yoast SEO plugin. -->","yoast_head_json":{"title":"Inicio - Valdevision optica","robots":{"index":"index","follow":"follow","max-snippet":"max-snippet:-1","max-image-preview":"max-image-preview:large","max-video-preview":"max-video-preview:-1"},"canonical":"https:\/\/valdevisionoptica.com\/en\/","og_locale":"en_GB","og_type":"article","og_title":"Inicio - Valdevision optica","og_description":"M\u00c1S DE 30 A\u00d1OS CUIDANDO LA VISI\u00d3N EN VALDEMORO Sobre Nosotros En VALDEVISI\u00d3N somos una \u00f3ptica independiente fundada por Salvador Molina en 1.996 con un objetivo claro: ofrecer a nuestros vecinos un servicio profesional, cercano y de confianza. Durante todos estos a\u00f1os hemos crecido junto a familias de Valdemoro y alrededores, incorporando nuevas tecnolog\u00edas, ampliando [&hellip;]","og_url":"https:\/\/valdevisionoptica.com\/en\/","og_site_name":"Valdevision optica","article_modified_time":"2026-01-26T11:05:27+00:00","og_image":[{"url":"https:\/\/valdevisionoptica.com\/wp-content\/uploads\/2026\/01\/6158.jpg","type":"","width":"","height":""}],"twitter_card":"summary_large_image","twitter_misc":{"Estimated reading time":"1 minute"},"schema":{"@context":"https:\/\/schema.org","@graph":[{"@type":"WebPage","@id":"https:\/\/valdevisionoptica.com\/","url":"https:\/\/valdevisionoptica.com\/","name":"Inicio - Valdevision optica","isPartOf":{"@id":"https:\/\/valdevisionoptica.com\/#website"},"primaryImageOfPage":{"@id":"https:\/\/valdevisionoptica.com\/#primaryimage"},"image":{"@id":"https:\/\/valdevisionoptica.com\/#primaryimage"},"thumbnailUrl":"https:\/\/valdevisionoptica.com\/wp-content\/uploads\/2026\/01\/6158.jpg","datePublished":"2026-01-23T17:16:57+00:00","dateModified":"2026-01-26T11:05:27+00:00","breadcrumb":{"@id":"https:\/\/valdevisionoptica.com\/#breadcrumb"},"inLanguage":"en-GB","potentialAction":[{"@type":"ReadAction","target":["https:\/\/valdevisionoptica.com\/"]}]},{"@type":"ImageObject","inLanguage":"en-GB","@id":"https:\/\/valdevisionoptica.com\/#primaryimage","url":"https:\/\/valdevisionoptica.com\/wp-content\/uploads\/2026\/01\/6158.jpg","contentUrl":"https:\/\/valdevisionoptica.com\/wp-content\/uploads\/2026\/01\/6158.jpg"},{"@type":"BreadcrumbList","@id":"https:\/\/valdevisionoptica.com\/#breadcrumb","itemListElement":[{"@type":"ListItem","position":1,"name":"Portada","item":"https:\/\/valdevisionoptica.com\/"},{"@type":"ListItem","position":2,"name":"Inicio"}]},{"@type":"WebSite","@id":"https:\/\/valdevisionoptica.com\/#website","url":"https:\/\/valdevisionoptica.com\/","name":"Valdevision optica","description":"Optica","publisher":{"@id":"https:\/\/valdevisionoptica.com\/#organization"},"potentialAction":[{"@type":"SearchAction","target":{"@type":"EntryPoint","urlTemplate":"https:\/\/valdevisionoptica.com\/?s={search_term_string}"},"query-input":{"@type":"PropertyValueSpecification","valueRequired":true,"valueName":"search_term_string"}}],"inLanguage":"en-GB"},{"@type":"Organization","@id":"https:\/\/valdevisionoptica.com\/#organization","name":"Valdevision optica","url":"https:\/\/valdevisionoptica.com\/","logo":{"@type":"ImageObject","inLanguage":"en-GB","@id":"https:\/\/valdevisionoptica.com\/#\/schema\/logo\/image\/","url":"https:\/\/valdevisionoptica.com\/wp-content\/uploads\/2026\/01\/cropped-valdevisionoptica202511_logo_web.png","contentUrl":"https:\/\/valdevisionoptica.com\/wp-content\/uploads\/2026\/01\/cropped-valdevisionoptica202511_logo_web.png","width":1080,"height":1080,"caption":"Valdevision optica"},"image":{"@id":"https:\/\/valdevisionoptica.com\/#\/schema\/logo\/image\/"}}]}},"_links":{"self":[{"href":"https:\/\/valdevisionoptica.com\/en\/wp-json\/wp\/v2\/pages\/10","targetHints":{"allow":["GET"]}}],"collection":[{"href":"https:\/\/valdevisionoptica.com\/en\/wp-json\/wp\/v2\/pages"}],"about":[{"href":"https:\/\/valdevisionoptica.com\/en\/wp-json\/wp\/v2\/types\/page"}],"author":[{"embeddable":true,"href":"https:\/\/valdevisionoptica.com\/en\/wp-json\/wp\/v2\/users\/1"}],"replies":[{"embeddable":true,"href":"https:\/\/valdevisionoptica.com\/en\/wp-json\/wp\/v2\/comments?post=10"}],"version-history":[{"count":139,"href":"https:\/\/valdevisionoptica.com\/en\/wp-json\/wp\/v2\/pages\/10\/revisions"}],"predecessor-version":[{"id":294,"href":"https:\/\/valdevisionoptica.com\/en\/wp-json\/wp\/v2\/pages\/10\/revisions\/294"}],"wp:attachment":[{"href":"https:\/\/valdevisionoptica.com\/en\/wp-json\/wp\/v2\/media?parent=10"}],"curies":[{"name":"wp","href":"https:\/\/api.w.org\/{rel}","templated":true}]}}