{"id":13,"date":"2026-01-23T17:18:47","date_gmt":"2026-01-23T17:18:47","guid":{"rendered":"https:\/\/valdevisionoptica.rkinformatika.online\/?page_id=13"},"modified":"2026-01-26T11:07:32","modified_gmt":"2026-01-26T11:07:32","slug":"servicios","status":"publish","type":"page","link":"https:\/\/valdevisionoptica.com\/en\/servicios\/","title":{"rendered":"Servicios"},"content":{"rendered":"<div data-elementor-type=\"wp-page\" data-elementor-id=\"13\" class=\"elementor elementor-13\" data-elementor-post-type=\"page\">\n\t\t\t\t<div class=\"elementor-element elementor-element-363126f e-flex e-con-boxed e-con e-parent\" data-id=\"363126f\" data-element_type=\"container\" data-e-type=\"container\" data-settings=\"{&quot;background_background&quot;:&quot;classic&quot;}\">\n\t\t\t\t\t<div class=\"e-con-inner\">\n\t\t\t\t\t<\/div>\n\t\t\t\t<\/div>\n\t\t<div class=\"elementor-element elementor-element-f7ffb95 e-flex e-con-boxed e-con e-parent\" data-id=\"f7ffb95\" data-element_type=\"container\" data-e-type=\"container\" data-settings=\"{&quot;background_background&quot;:&quot;classic&quot;}\">\n\t\t\t\t\t<div class=\"e-con-inner\">\n\t\t\t\t<div class=\"elementor-element elementor-element-b248fa0 elementor-invisible elementor-widget elementor-widget-heading\" data-id=\"b248fa0\" data-element_type=\"widget\" data-e-type=\"widget\" data-settings=\"{&quot;_animation&quot;:&quot;fadeInLeft&quot;}\" data-widget_type=\"heading.default\">\n\t\t\t\t\t<h2 class=\"elementor-heading-title elementor-size-default\">30 a\u00f1os de compromiso, calidad y confianza.<\/h2>\t\t\t\t<\/div>\n\t\t\t\t\t<\/div>\n\t\t\t\t<\/div>\n\t\t<div class=\"elementor-element elementor-element-e703ba1 e-flex e-con-boxed e-con e-parent\" data-id=\"e703ba1\" data-element_type=\"container\" data-e-type=\"container\" data-settings=\"{&quot;background_background&quot;:&quot;classic&quot;}\">\n\t\t\t\t\t<div class=\"e-con-inner\">\n\t\t<div class=\"elementor-element elementor-element-604c81d e-con-full e-flex e-con e-child\" data-id=\"604c81d\" data-element_type=\"container\" data-e-type=\"container\" data-settings=\"{&quot;background_background&quot;:&quot;classic&quot;}\">\n\t\t\t\t<div class=\"elementor-element elementor-element-e1c848c elementor-widget elementor-widget-heading\" data-id=\"e1c848c\" data-element_type=\"widget\" data-e-type=\"widget\" data-widget_type=\"heading.default\">\n\t\t\t\t\t<h2 class=\"elementor-heading-title elementor-size-default\">Revisiones Optom\u00e9tricas Completas<\/h2>\t\t\t\t<\/div>\n\t\t\t\t<div class=\"elementor-element elementor-element-122f992 elementor-widget elementor-widget-text-editor\" data-id=\"122f992\" data-element_type=\"widget\" data-e-type=\"widget\" data-widget_type=\"text-editor.default\">\n\t\t\t\t\t\t\t\t\t<ul><li data-start=\"436\" data-end=\"469\"><p data-start=\"438\" data-end=\"469\">Graduaci\u00f3n y visi\u00f3n binocular<\/p><\/li><li data-start=\"470\" data-end=\"513\"><p data-start=\"472\" data-end=\"513\">Eficiencia visual y coordinaci\u00f3n ocular<\/p><\/li><li data-start=\"514\" data-end=\"609\"><p data-start=\"516\" data-end=\"609\">Estado general de tus ojos<br data-start=\"542\" data-end=\"545\" \/>Ideal para toda la familia y para detectar problemas a tiempo.<\/p><\/li><\/ul>\t\t\t\t\t\t\t\t<\/div>\n\t\t\t\t<\/div>\n\t\t<div class=\"elementor-element elementor-element-f0277c0 e-con-full e-flex e-con e-child\" data-id=\"f0277c0\" data-element_type=\"container\" data-e-type=\"container\" data-settings=\"{&quot;background_background&quot;:&quot;classic&quot;}\">\n\t\t\t\t<div class=\"elementor-element elementor-element-532d796 elementor-widget elementor-widget-heading\" data-id=\"532d796\" data-element_type=\"widget\" data-e-type=\"widget\" data-widget_type=\"heading.default\">\n\t\t\t\t\t<h2 class=\"elementor-heading-title elementor-size-default\">Control de Miop\u00eda Infantil<\/h2>\t\t\t\t<\/div>\n\t\t\t\t<div class=\"elementor-element elementor-element-7a7d7fb elementor-widget elementor-widget-text-editor\" data-id=\"7a7d7fb\" data-element_type=\"widget\" data-e-type=\"widget\" data-widget_type=\"text-editor.default\">\n\t\t\t\t\t\t\t\t\t<ul><li data-start=\"759\" data-end=\"808\"><p data-start=\"761\" data-end=\"808\">Lentes especiales y ortoqueratolog\u00eda (Orto-K)<\/p><\/li><li data-start=\"809\" data-end=\"861\"><p data-start=\"811\" data-end=\"861\">Seguimiento personalizado de la evoluci\u00f3n visual<\/p><\/li><li data-start=\"862\" data-end=\"912\"><p data-start=\"864\" data-end=\"912\">Asesoramiento para h\u00e1bitos visuales saludables<\/p><\/li><\/ul>\t\t\t\t\t\t\t\t<\/div>\n\t\t\t\t<\/div>\n\t\t\t\t\t<\/div>\n\t\t\t\t<\/div>\n\t\t<div class=\"elementor-element elementor-element-c7ef617 e-flex e-con-boxed e-con e-parent\" data-id=\"c7ef617\" data-element_type=\"container\" data-e-type=\"container\" data-settings=\"{&quot;background_background&quot;:&quot;classic&quot;}\">\n\t\t\t\t\t<div class=\"e-con-inner\">\n\t\t<div class=\"elementor-element elementor-element-42f8b85 e-con-full e-flex e-con e-child\" data-id=\"42f8b85\" data-element_type=\"container\" data-e-type=\"container\" data-settings=\"{&quot;background_background&quot;:&quot;classic&quot;}\">\n\t\t\t\t<div class=\"elementor-element elementor-element-818a940 elementor-widget elementor-widget-heading\" data-id=\"818a940\" data-element_type=\"widget\" data-e-type=\"widget\" data-widget_type=\"heading.default\">\n\t\t\t\t\t<h2 class=\"elementor-heading-title elementor-size-default\">Adaptaci\u00f3n de Lentes de Contacto<\/h2>\t\t\t\t<\/div>\n\t\t\t\t<div class=\"elementor-element elementor-element-5197552 elementor-widget elementor-widget-text-editor\" data-id=\"5197552\" data-element_type=\"widget\" data-e-type=\"widget\" data-widget_type=\"text-editor.default\">\n\t\t\t\t\t\t\t\t\t<ul><li data-start=\"1003\" data-end=\"1057\"><p data-start=\"1005\" data-end=\"1057\">Diarias, mensuales, t\u00f3ricas, multifocales y Orto-K<\/p><\/li><li data-start=\"1058\" data-end=\"1122\"><p data-start=\"1060\" data-end=\"1122\">Estudio detallado de la c\u00f3rnea y prueba de distintos dise\u00f1os<\/p><\/li><li data-start=\"1123\" data-end=\"1184\"><p data-start=\"1125\" data-end=\"1184\">Instrucciones y asesoramiento para un uso seguro y c\u00f3modo<\/p><\/li><\/ul>\t\t\t\t\t\t\t\t<\/div>\n\t\t\t\t<\/div>\n\t\t<div class=\"elementor-element elementor-element-7fefd95 e-con-full e-flex e-con e-child\" data-id=\"7fefd95\" data-element_type=\"container\" data-e-type=\"container\" data-settings=\"{&quot;background_background&quot;:&quot;classic&quot;}\">\n\t\t\t\t<div class=\"elementor-element elementor-element-6506de9 elementor-widget elementor-widget-heading\" data-id=\"6506de9\" data-element_type=\"widget\" data-e-type=\"widget\" data-widget_type=\"heading.default\">\n\t\t\t\t\t<h2 class=\"elementor-heading-title elementor-size-default\">Revisiones Auditivas<\/h2>\t\t\t\t<\/div>\n\t\t\t\t<div class=\"elementor-element elementor-element-e9198de elementor-widget elementor-widget-text-editor\" data-id=\"e9198de\" data-element_type=\"widget\" data-e-type=\"widget\" data-widget_type=\"text-editor.default\">\n\t\t\t\t\t\t\t\t\t<ul><li data-start=\"1307\" data-end=\"1337\"><p data-start=\"1309\" data-end=\"1337\">Evaluaci\u00f3n auditiva b\u00e1sica<\/p><\/li><li data-start=\"1338\" data-end=\"1387\"><p data-start=\"1340\" data-end=\"1387\">Asesoramiento personalizado seg\u00fan necesidades<\/p><\/li><li data-start=\"1388\" data-end=\"1449\"><p data-start=\"1390\" data-end=\"1449\">Recomendaciones sobre dispositivos y soluciones auditivas<\/p><\/li><\/ul>\t\t\t\t\t\t\t\t<\/div>\n\t\t\t\t<\/div>\n\t\t\t\t\t<\/div>\n\t\t\t\t<\/div>\n\t\t<div class=\"elementor-element elementor-element-a12f6d4 e-flex e-con-boxed e-con e-parent\" data-id=\"a12f6d4\" data-element_type=\"container\" data-e-type=\"container\" data-settings=\"{&quot;background_background&quot;:&quot;classic&quot;}\">\n\t\t\t\t\t<div class=\"e-con-inner\">\n\t\t<div class=\"elementor-element elementor-element-01ae25e e-con-full e-flex e-con e-child\" data-id=\"01ae25e\" data-element_type=\"container\" data-e-type=\"container\" data-settings=\"{&quot;background_background&quot;:&quot;classic&quot;}\">\n\t\t\t\t<div class=\"elementor-element elementor-element-5f98f5f elementor-widget elementor-widget-heading\" data-id=\"5f98f5f\" data-element_type=\"widget\" data-e-type=\"widget\" data-widget_type=\"heading.default\">\n\t\t\t\t\t<h2 class=\"elementor-heading-title elementor-size-default\">Asesoramiento Personalizado<\/h2>\t\t\t\t<\/div>\n\t\t\t\t<div class=\"elementor-element elementor-element-a07cf1f elementor-widget elementor-widget-text-editor\" data-id=\"a07cf1f\" data-element_type=\"widget\" data-e-type=\"widget\" data-widget_type=\"text-editor.default\">\n\t\t\t\t\t\t\t\t\t<ul><li data-start=\"1535\" data-end=\"1597\"><p data-start=\"1537\" data-end=\"1597\">Elegir la montura que mejor se adapte a tu rostro y estilo<\/p><\/li><li data-start=\"1598\" data-end=\"1668\"><p data-start=\"1600\" data-end=\"1668\">Seleccionar lentes seg\u00fan tus necesidades visuales y estilo de vida<\/p><\/li><li data-start=\"1669\" data-end=\"1734\"><p data-start=\"1671\" data-end=\"1734\">Resolver cualquier duda sobre el cuidado de tus ojos y lentes<\/p><\/li><\/ul>\t\t\t\t\t\t\t\t<\/div>\n\t\t\t\t<\/div>\n\t\t<div class=\"elementor-element elementor-element-e22b703 e-con-full e-flex e-con e-child\" data-id=\"e22b703\" data-element_type=\"container\" data-e-type=\"container\" data-settings=\"{&quot;background_background&quot;:&quot;classic&quot;}\">\n\t\t\t\t<div class=\"elementor-element elementor-element-2646bec elementor-widget elementor-widget-heading\" data-id=\"2646bec\" data-element_type=\"widget\" data-e-type=\"widget\" data-widget_type=\"heading.default\">\n\t\t\t\t\t<h2 class=\"elementor-heading-title elementor-size-default\">Gafas y Lentes<\/h2>\t\t\t\t<\/div>\n\t\t\t\t<div class=\"elementor-element elementor-element-2e5addd elementor-widget elementor-widget-text-editor\" data-id=\"2e5addd\" data-element_type=\"widget\" data-e-type=\"widget\" data-widget_type=\"text-editor.default\">\n\t\t\t\t\t\t\t\t\t<ul><li data-start=\"1871\" data-end=\"1932\"><p data-start=\"1873\" data-end=\"1932\">Gafas graduadas y de sol, con dise\u00f1os modernos y cl\u00e1sicos<\/p><\/li><li data-start=\"1933\" data-end=\"1997\"><p data-start=\"1935\" data-end=\"1997\">Lentes oft\u00e1lmicas y progresivas con la m\u00e1xima calidad \u00f3ptica<\/p><\/li><li data-start=\"1998\" data-end=\"2069\"><p data-start=\"2000\" data-end=\"2069\">Servicios de ajuste, mantenimiento y reparaciones por profesionales<\/p><\/li><\/ul>\t\t\t\t\t\t\t\t<\/div>\n\t\t\t\t<\/div>\n\t\t\t\t\t<\/div>\n\t\t\t\t<\/div>\n\t\t<div class=\"elementor-element elementor-element-46d96d3 e-con-full e-flex e-con e-parent\" data-id=\"46d96d3\" data-element_type=\"container\" data-e-type=\"container\" data-settings=\"{&quot;background_background&quot;:&quot;classic&quot;}\">\n\t\t\t\t<div class=\"elementor-element elementor-element-f22e94d elementor-cta--skin-cover elementor-cta--valign-middle elementor-animated-content elementor-bg-transform elementor-bg-transform-zoom-in elementor-widget elementor-widget-call-to-action\" data-id=\"f22e94d\" data-element_type=\"widget\" data-e-type=\"widget\" data-widget_type=\"call-to-action.default\">\n\t\t\t\t\t\t\t<div class=\"elementor-cta\">\n\t\t\t\t\t<div class=\"elementor-cta__bg-wrapper\">\n\t\t\t\t<div class=\"elementor-cta__bg elementor-bg\" style=\"background-image: url(https:\/\/valdevisionoptica.com\/wp-content\/uploads\/2026\/01\/6158-1024x683.jpg);\" role=\"img\" aria-label=\"6158\"><\/div>\n\t\t\t\t<div class=\"elementor-cta__bg-overlay\"><\/div>\n\t\t\t<\/div>\n\t\t\t\t\t\t\t<div class=\"elementor-cta__content\">\n\t\t\t\t\n\t\t\t\t\t\t\t\t\t<h2 class=\"elementor-cta__title elementor-cta__content-item elementor-content-item elementor-animated-item--grow\">\n\t\t\t\t\t\tReserva tu cita y cuida tu salud visual hoy mismo\t\t\t\t\t<\/h2>\n\t\t\t\t\n\t\t\t\t\t\t\t\t\t<div class=\"elementor-cta__description elementor-cta__content-item elementor-content-item elementor-animated-item--grow\">\n\t\t\t\t\t\tConsulta con nuestros expertos en \u00f3ptica y audici\u00f3n.\t\t\t\t\t<\/div>\n\t\t\t\t\n\t\t\t\t\t\t\t\t\t<div class=\"elementor-cta__button-wrapper elementor-cta__content-item elementor-content-item elementor-animated-item--grow\">\n\t\t\t\t\t<a class=\"elementor-cta__button elementor-button elementor-size-\" href=\"https:\/\/valdevisionoptica.com\/en\/contacto\/\">\n\t\t\t\t\t\tCONTACTO\t\t\t\t\t<\/a>\n\t\t\t\t\t<\/div>\n\t\t\t\t\t\t\t<\/div>\n\t\t\t\t\t\t<\/div>\n\t\t\t\t\t\t<\/div>\n\t\t\t\t<\/div>\n\t\t\t\t<\/div>","protected":false},"excerpt":{"rendered":"<p>30 a\u00f1os de compromiso, calidad y confianza. Revisiones Optom\u00e9tricas Completas Graduaci\u00f3n y visi\u00f3n binocular Eficiencia visual y coordinaci\u00f3n ocular Estado general de tus ojosIdeal para toda la familia y para detectar problemas a tiempo. Control de Miop\u00eda Infantil Lentes especiales y ortoqueratolog\u00eda (Orto-K) Seguimiento personalizado de la evoluci\u00f3n visual Asesoramiento para h\u00e1bitos visuales saludables Adaptaci\u00f3n [&hellip;]<\/p>\n","protected":false},"author":1,"featured_media":0,"parent":0,"menu_order":0,"comment_status":"closed","ping_status":"closed","template":"elementor_canvas","meta":{"footnotes":""},"class_list":["post-13","page","type-page","status-publish","hentry"],"yoast_head":"<!-- This site is optimized with the Yoast SEO plugin v27.5 - https:\/\/yoast.com\/product\/yoast-seo-wordpress\/ -->\n<title>Servicios - Valdevision optica<\/title>\n<meta name=\"robots\" content=\"index, follow, max-snippet:-1, max-image-preview:large, max-video-preview:-1\" \/>\n<link rel=\"canonical\" href=\"https:\/\/valdevisionoptica.com\/en\/servicios\/\" \/>\n<meta property=\"og:locale\" content=\"en_GB\" \/>\n<meta property=\"og:type\" content=\"article\" \/>\n<meta property=\"og:title\" content=\"Servicios - Valdevision optica\" \/>\n<meta property=\"og:description\" content=\"30 a\u00f1os de compromiso, calidad y confianza. Revisiones Optom\u00e9tricas Completas Graduaci\u00f3n y visi\u00f3n binocular Eficiencia visual y coordinaci\u00f3n ocular Estado general de tus ojosIdeal para toda la familia y para detectar problemas a tiempo. Control de Miop\u00eda Infantil Lentes especiales y ortoqueratolog\u00eda (Orto-K) Seguimiento personalizado de la evoluci\u00f3n visual Asesoramiento para h\u00e1bitos visuales saludables Adaptaci\u00f3n [&hellip;]\" \/>\n<meta property=\"og:url\" content=\"https:\/\/valdevisionoptica.com\/en\/servicios\/\" \/>\n<meta property=\"og:site_name\" content=\"Valdevision optica\" \/>\n<meta property=\"article:modified_time\" content=\"2026-01-26T11:07:32+00:00\" \/>\n<meta name=\"twitter:card\" content=\"summary_large_image\" \/>\n<meta name=\"twitter:label1\" content=\"Estimated reading time\" \/>\n\t<meta name=\"twitter:data1\" content=\"1 minute\" \/>\n<script type=\"application\/ld+json\" class=\"yoast-schema-graph\">{\"@context\":\"https:\\\/\\\/schema.org\",\"@graph\":[{\"@type\":\"WebPage\",\"@id\":\"https:\\\/\\\/valdevisionoptica.com\\\/servicios\\\/\",\"url\":\"https:\\\/\\\/valdevisionoptica.com\\\/servicios\\\/\",\"name\":\"Servicios - Valdevision optica\",\"isPartOf\":{\"@id\":\"https:\\\/\\\/valdevisionoptica.com\\\/#website\"},\"datePublished\":\"2026-01-23T17:18:47+00:00\",\"dateModified\":\"2026-01-26T11:07:32+00:00\",\"breadcrumb\":{\"@id\":\"https:\\\/\\\/valdevisionoptica.com\\\/servicios\\\/#breadcrumb\"},\"inLanguage\":\"en-GB\",\"potentialAction\":[{\"@type\":\"ReadAction\",\"target\":[\"https:\\\/\\\/valdevisionoptica.com\\\/servicios\\\/\"]}]},{\"@type\":\"BreadcrumbList\",\"@id\":\"https:\\\/\\\/valdevisionoptica.com\\\/servicios\\\/#breadcrumb\",\"itemListElement\":[{\"@type\":\"ListItem\",\"position\":1,\"name\":\"Portada\",\"item\":\"https:\\\/\\\/valdevisionoptica.com\\\/\"},{\"@type\":\"ListItem\",\"position\":2,\"name\":\"Servicios\"}]},{\"@type\":\"WebSite\",\"@id\":\"https:\\\/\\\/valdevisionoptica.com\\\/#website\",\"url\":\"https:\\\/\\\/valdevisionoptica.com\\\/\",\"name\":\"Valdevision optica\",\"description\":\"Optica\",\"publisher\":{\"@id\":\"https:\\\/\\\/valdevisionoptica.com\\\/#organization\"},\"potentialAction\":[{\"@type\":\"SearchAction\",\"target\":{\"@type\":\"EntryPoint\",\"urlTemplate\":\"https:\\\/\\\/valdevisionoptica.com\\\/?s={search_term_string}\"},\"query-input\":{\"@type\":\"PropertyValueSpecification\",\"valueRequired\":true,\"valueName\":\"search_term_string\"}}],\"inLanguage\":\"en-GB\"},{\"@type\":\"Organization\",\"@id\":\"https:\\\/\\\/valdevisionoptica.com\\\/#organization\",\"name\":\"Valdevision optica\",\"url\":\"https:\\\/\\\/valdevisionoptica.com\\\/\",\"logo\":{\"@type\":\"ImageObject\",\"inLanguage\":\"en-GB\",\"@id\":\"https:\\\/\\\/valdevisionoptica.com\\\/#\\\/schema\\\/logo\\\/image\\\/\",\"url\":\"https:\\\/\\\/valdevisionoptica.com\\\/wp-content\\\/uploads\\\/2026\\\/01\\\/cropped-valdevisionoptica202511_logo_web.png\",\"contentUrl\":\"https:\\\/\\\/valdevisionoptica.com\\\/wp-content\\\/uploads\\\/2026\\\/01\\\/cropped-valdevisionoptica202511_logo_web.png\",\"width\":1080,\"height\":1080,\"caption\":\"Valdevision optica\"},\"image\":{\"@id\":\"https:\\\/\\\/valdevisionoptica.com\\\/#\\\/schema\\\/logo\\\/image\\\/\"}}]}<\/script>\n<!-- \/ Yoast SEO plugin. -->","yoast_head_json":{"title":"Servicios - Valdevision optica","robots":{"index":"index","follow":"follow","max-snippet":"max-snippet:-1","max-image-preview":"max-image-preview:large","max-video-preview":"max-video-preview:-1"},"canonical":"https:\/\/valdevisionoptica.com\/en\/servicios\/","og_locale":"en_GB","og_type":"article","og_title":"Servicios - Valdevision optica","og_description":"30 a\u00f1os de compromiso, calidad y confianza. Revisiones Optom\u00e9tricas Completas Graduaci\u00f3n y visi\u00f3n binocular Eficiencia visual y coordinaci\u00f3n ocular Estado general de tus ojosIdeal para toda la familia y para detectar problemas a tiempo. Control de Miop\u00eda Infantil Lentes especiales y ortoqueratolog\u00eda (Orto-K) Seguimiento personalizado de la evoluci\u00f3n visual Asesoramiento para h\u00e1bitos visuales saludables Adaptaci\u00f3n [&hellip;]","og_url":"https:\/\/valdevisionoptica.com\/en\/servicios\/","og_site_name":"Valdevision optica","article_modified_time":"2026-01-26T11:07:32+00:00","twitter_card":"summary_large_image","twitter_misc":{"Estimated reading time":"1 minute"},"schema":{"@context":"https:\/\/schema.org","@graph":[{"@type":"WebPage","@id":"https:\/\/valdevisionoptica.com\/servicios\/","url":"https:\/\/valdevisionoptica.com\/servicios\/","name":"Servicios - Valdevision optica","isPartOf":{"@id":"https:\/\/valdevisionoptica.com\/#website"},"datePublished":"2026-01-23T17:18:47+00:00","dateModified":"2026-01-26T11:07:32+00:00","breadcrumb":{"@id":"https:\/\/valdevisionoptica.com\/servicios\/#breadcrumb"},"inLanguage":"en-GB","potentialAction":[{"@type":"ReadAction","target":["https:\/\/valdevisionoptica.com\/servicios\/"]}]},{"@type":"BreadcrumbList","@id":"https:\/\/valdevisionoptica.com\/servicios\/#breadcrumb","itemListElement":[{"@type":"ListItem","position":1,"name":"Portada","item":"https:\/\/valdevisionoptica.com\/"},{"@type":"ListItem","position":2,"name":"Servicios"}]},{"@type":"WebSite","@id":"https:\/\/valdevisionoptica.com\/#website","url":"https:\/\/valdevisionoptica.com\/","name":"Valdevision optica","description":"Optica","publisher":{"@id":"https:\/\/valdevisionoptica.com\/#organization"},"potentialAction":[{"@type":"SearchAction","target":{"@type":"EntryPoint","urlTemplate":"https:\/\/valdevisionoptica.com\/?s={search_term_string}"},"query-input":{"@type":"PropertyValueSpecification","valueRequired":true,"valueName":"search_term_string"}}],"inLanguage":"en-GB"},{"@type":"Organization","@id":"https:\/\/valdevisionoptica.com\/#organization","name":"Valdevision optica","url":"https:\/\/valdevisionoptica.com\/","logo":{"@type":"ImageObject","inLanguage":"en-GB","@id":"https:\/\/valdevisionoptica.com\/#\/schema\/logo\/image\/","url":"https:\/\/valdevisionoptica.com\/wp-content\/uploads\/2026\/01\/cropped-valdevisionoptica202511_logo_web.png","contentUrl":"https:\/\/valdevisionoptica.com\/wp-content\/uploads\/2026\/01\/cropped-valdevisionoptica202511_logo_web.png","width":1080,"height":1080,"caption":"Valdevision optica"},"image":{"@id":"https:\/\/valdevisionoptica.com\/#\/schema\/logo\/image\/"}}]}},"_links":{"self":[{"href":"https:\/\/valdevisionoptica.com\/en\/wp-json\/wp\/v2\/pages\/13","targetHints":{"allow":["GET"]}}],"collection":[{"href":"https:\/\/valdevisionoptica.com\/en\/wp-json\/wp\/v2\/pages"}],"about":[{"href":"https:\/\/valdevisionoptica.com\/en\/wp-json\/wp\/v2\/types\/page"}],"author":[{"embeddable":true,"href":"https:\/\/valdevisionoptica.com\/en\/wp-json\/wp\/v2\/users\/1"}],"replies":[{"embeddable":true,"href":"https:\/\/valdevisionoptica.com\/en\/wp-json\/wp\/v2\/comments?post=13"}],"version-history":[{"count":40,"href":"https:\/\/valdevisionoptica.com\/en\/wp-json\/wp\/v2\/pages\/13\/revisions"}],"predecessor-version":[{"id":300,"href":"https:\/\/valdevisionoptica.com\/en\/wp-json\/wp\/v2\/pages\/13\/revisions\/300"}],"wp:attachment":[{"href":"https:\/\/valdevisionoptica.com\/en\/wp-json\/wp\/v2\/media?parent=13"}],"curies":[{"name":"wp","href":"https:\/\/api.w.org\/{rel}","templated":true}]}}